{"id":970,"date":"2019-10-18T15:38:41","date_gmt":"2019-10-18T15:38:41","guid":{"rendered":"https:\/\/comportements.ch\/?page_id=970"},"modified":"2019-11-20T10:47:44","modified_gmt":"2019-11-20T10:47:44","slug":"books-for-free-reading-and-download","status":"publish","type":"page","link":"https:\/\/comportements.ch\/en\/books-for-free-reading-and-download\/","title":{"rendered":"Books for free reading and download"},"content":{"rendered":"\n<div class=\"wp-block-mybooktable-book-series\"> <div id=\"mbt-container\"> <div class=\"mbt-book-archive\"><header class=\"mbt-book-archive-header\"><div class=\"mbt-book-archive-title\">Comportements Publishers : Books for free reading and download<\/div><div style=\"clear:both;\"><\/div><\/header> <div class=\"mbt-book-archive-books\"> <div itemscope itemtype=\"https:\/\/schema.org\/Book\" id=\"post-1023\" class=\"mbt-book mbt-book-excerpt\"><div class=\"mbt-book-images \"><a href=\"https:\/\/comportements.ch\/en\/books\/signification-affective-du-quartier\/\"><img decoding=\"async\" alt=\"Signification affective du quartier\" class=\" mbt-book-image\" src=\"https:\/\/comportements.ch\/wp-content\/uploads\/2019\/11\/BNoschQuartier2012-581x800.jpg\"><\/a><\/div><div class=\"mbt-book-right\"><h2 class=\"mbt-book-title\" itemprop=\"name\">\r\n\t<a href=\"https:\/\/comportements.ch\/en\/books\/signification-affective-du-quartier\/\">Signification affective du quartier<\/a>\r\n<\/h2><div class=\"mbt-book-meta\">\r\n\t<span class=\"mbt-meta-item mbt-meta-mbt_author\"><span class=\"mbt-meta-title\">Author:<\/span> <a href=\"https:\/\/comportements.ch\/authors\/kaj-noschis\/\">Kaj Noschis<\/a><\/span><br>\t<span class=\"mbt-meta-item mbt-meta-series\"><span class=\"mbt-meta-title\">Series:<\/span> <a href=\"https:\/\/comportements.ch\/en\/series\/books-for-free-reading-and-download\/\">Comportements Publishers : Books for free reading and download<\/a>, Book 1<\/span><br>\t\t<\/div><div itemprop=\"description\" class=\"mbt-book-blurb\">\r\n\t<p><strong>Kaj Noschis<\/strong><\/p>\n<p>Signification affective du quartier<\/p>\n<p>R\u00e9\u00e9dition (2011) de l'ouvrage publi\u00e9 \u00e0 l'origine en 1984 (aux \u00e9ditions <em>Librairie des M\u00e9ridiens, Paris<\/em>, collection <em>Sociologies au quotidien<\/em> dirig\u00e9e par Michel Maffesoli), qui a connu un accueil tr\u00e8s favorable aupr\u00e8s de sociologues, planificateurs, g\u00e9ographes urbains et psychologues de l'environnement. En France, \u00e0 la fin des ann\u00e9es 1980, l'ouvrage a notamment servi de source d'inspiration pour un vaste programme de r\u00e9fection d'aires de jeux financ\u00e9 par la Fondation de France. Epuis\u00e9 depuis de nombreuses ann\u00e9es le livre fait encore r\u00e9f\u00e9rence et cette r\u00e9\u00e9dition r\u00e9pond \u00e0 une demande.<\/p>\n <a href=\"https:\/\/comportements.ch\/en\/books\/signification-affective-du-quartier\/\" class=\"mbt-read-more\">More info \u2192<\/a><\/div><div class=\"mbt-book-buybuttons\"><div class=\"mbt-book-buybutton\"><a class=\"mbt-universal-buybutton\" href=\"https:\/\/comportements.ch\/wp-content\/uploads\/2019\/10\/Noschis-Signification-affective-du-quartier.pdf\" rel=\"nofollow\">T\u00e9l\u00e9charger<\/a><\/div><div style=\"clear:both\"><\/div><\/div><\/div><div style=\"clear:both;\"><\/div>\r\n<\/div><div itemscope itemtype=\"https:\/\/schema.org\/Book\" id=\"post-1025\" class=\"mbt-book mbt-book-excerpt\"><div class=\"mbt-book-images \"><a href=\"https:\/\/comportements.ch\/en\/books\/architectural-quality-in-planning-and-design-of-schools-current-issues-with-focus-on-developing-countries\/\"><img decoding=\"async\" alt=\"Architectural Quality in Planning and Design of Schools : Current issues with Focus on Developing Countries\" class=\" mbt-book-image\" src=\"https:\/\/comportements.ch\/wp-content\/uploads\/2019\/11\/BKnappScool2010-582x800.jpg\"><\/a><\/div><div class=\"mbt-book-right\"><h2 class=\"mbt-book-title\" itemprop=\"name\">\r\n\t<a href=\"https:\/\/comportements.ch\/en\/books\/architectural-quality-in-planning-and-design-of-schools-current-issues-with-focus-on-developing-countries\/\">Architectural Quality in Planning and Design of Schools : Current issues with Focus on Developing Countries<\/a>\r\n<\/h2><div class=\"mbt-book-meta\">\r\n\t<span class=\"mbt-meta-item mbt-meta-mbt_author\"><span class=\"mbt-meta-title\">Authors:<\/span> <a href=\"https:\/\/comportements.ch\/en\/authors\/eberhard-knapp\/\">Eberhard Knapp<\/a>, <a href=\"https:\/\/comportements.ch\/authors\/kaj-noschis\/\">Kaj Noschis<\/a><\/span><br>\t<span class=\"mbt-meta-item mbt-meta-series\"><span class=\"mbt-meta-title\">Series:<\/span> <a href=\"https:\/\/comportements.ch\/en\/series\/books-for-free-reading-and-download\/\">Comportements Publishers : Books for free reading and download<\/a>, Book 2<\/span><br>\t\t<\/div><div itemprop=\"description\" class=\"mbt-book-blurb\">\r\n\t<p><strong>Eberhard Knapp &amp; Kaj Noschis, Editors<\/strong><\/p>\n<p>Architectural Quality in Planning and Design of Schools<\/p>\n<h4 class=\"Style8\">Proceedings of the 13th Architecture &amp; Behaviour Colloquium,<\/h4>\n<p>Monte Verit\u00e0, Ascona, Ticino, Switzerland, 2010<\/p>\n <a href=\"https:\/\/comportements.ch\/en\/books\/architectural-quality-in-planning-and-design-of-schools-current-issues-with-focus-on-developing-countries\/\" class=\"mbt-read-more\">More info \u2192<\/a><\/div><div class=\"mbt-book-buybuttons\"><div class=\"mbt-book-buybutton\"><a class=\"mbt-universal-buybutton\" href=\"https:\/\/comportements.ch\/wp-content\/uploads\/2019\/10\/Quality-in-Planning.pdf\" rel=\"nofollow\">Download<\/a><\/div><div style=\"clear:both\"><\/div><\/div><\/div><div style=\"clear:both;\"><\/div>\r\n<\/div><div itemscope itemtype=\"https:\/\/schema.org\/Book\" id=\"post-1004\" class=\"mbt-book mbt-book-excerpt\"><div class=\"mbt-book-images \"><a href=\"https:\/\/comportements.ch\/en\/books\/the-impact-of-improved-school-design-on-the-academic-achievement-of-students-in-the-palestinian-territories-an-empirical-study\/\"><img decoding=\"async\" alt=\"The Impact of Improved School Design on the Academic Achievement of Students in the Palestinian Territories: an Empirical Study\" class=\" mbt-book-image\" src=\"https:\/\/comportements.ch\/wp-content\/uploads\/2019\/11\/BSchoolPalestine-582x800.jpg\"><\/a><\/div><div class=\"mbt-book-right\"><h2 class=\"mbt-book-title\" itemprop=\"name\">\r\n\t<a href=\"https:\/\/comportements.ch\/en\/books\/the-impact-of-improved-school-design-on-the-academic-achievement-of-students-in-the-palestinian-territories-an-empirical-study\/\">The Impact of Improved School Design on the Academic Achievement of Students in the Palestinian Territories: an Empirical Study<\/a>\r\n<\/h2><div class=\"mbt-book-meta\">\r\n\t<span class=\"mbt-meta-item mbt-meta-mbt_author\"><span class=\"mbt-meta-title\">Author:<\/span> <a href=\"https:\/\/comportements.ch\/authors\/kaj-noschis\/\">Kaj Noschis<\/a><\/span><br>\t<span class=\"mbt-meta-item mbt-meta-series\"><span class=\"mbt-meta-title\">Series:<\/span> <a href=\"https:\/\/comportements.ch\/en\/series\/books-for-free-reading-and-download\/\">Comportements Publishers : Books for free reading and download<\/a>, Book 3<\/span><br>\t\t<\/div><div itemprop=\"description\" class=\"mbt-book-blurb\">\r\n\t<p class=\"Style8\"><strong>Kaj Noschis, Editor<\/strong><br \/>\nThe Impact of Improved School Design on the Academic Achievement of Students in the Palestinian Territories: an Empirical Study, 2008<\/p>\n<p>&nbsp;<\/p>\n <a href=\"https:\/\/comportements.ch\/en\/books\/the-impact-of-improved-school-design-on-the-academic-achievement-of-students-in-the-palestinian-territories-an-empirical-study\/\" class=\"mbt-read-more\">More info \u2192<\/a><\/div><div class=\"mbt-book-buybuttons\"><div class=\"mbt-book-buybutton\"><a class=\"mbt-universal-buybutton\" href=\"https:\/\/comportements.ch\/wp-content\/uploads\/2019\/10\/PalestineReport_repro2.pdf\" rel=\"nofollow\">Download<\/a><\/div><div style=\"clear:both\"><\/div><\/div><\/div><div style=\"clear:both;\"><\/div>\r\n<\/div><div itemscope itemtype=\"https:\/\/schema.org\/Book\" id=\"post-1000\" class=\"mbt-book mbt-book-excerpt\"><div class=\"mbt-book-images \"><a href=\"https:\/\/comportements.ch\/en\/books\/school-building-design-and-learning-performance\/\"><img decoding=\"async\" alt=\"School Building Design and Learning Performance\" class=\" mbt-book-image\" src=\"https:\/\/comportements.ch\/wp-content\/uploads\/2019\/11\/BPasalarSchool2007-582x800.jpg\"><\/a><\/div><div class=\"mbt-book-right\"><h2 class=\"mbt-book-title\" itemprop=\"name\">\r\n\t<a href=\"https:\/\/comportements.ch\/en\/books\/school-building-design-and-learning-performance\/\">School Building Design and Learning Performance<\/a>\r\n<\/h2><div class=\"mbt-book-meta\">\r\n\t<span class=\"mbt-meta-item mbt-meta-mbt_author\"><span class=\"mbt-meta-title\">Authors:<\/span> <a href=\"https:\/\/comportements.ch\/en\/authors\/celen-pasalar\/\">Celen Pasalar<\/a>, <a href=\"https:\/\/comportements.ch\/en\/authors\/eberhard-knapp\/\">Eberhard Knapp<\/a>, <a href=\"https:\/\/comportements.ch\/authors\/kaj-noschis\/\">Kaj Noschis<\/a><\/span><br>\t<span class=\"mbt-meta-item mbt-meta-series\"><span class=\"mbt-meta-title\">Series:<\/span> <a href=\"https:\/\/comportements.ch\/en\/series\/books-for-free-reading-and-download\/\">Comportements Publishers : Books for free reading and download<\/a>, Book 4<\/span><br>\t\t<\/div><div itemprop=\"description\" class=\"mbt-book-blurb\">\r\n\t<p><strong>Eberhard Knapp, Kaj Noschis &amp; Celen Pasalar, Editors<\/strong><\/p>\n<p>School Building Design and Learning Performance<\/p>\n<h4 class=\"Style8\">Proceedings of the 12th Arcitecture &amp; Behaviour Colloquium,<\/h4>\n<p>Monte Verit\u00e0, Ascona, Ticino, Switzerland, 2007<\/p>\n <a href=\"https:\/\/comportements.ch\/en\/books\/school-building-design-and-learning-performance\/\" class=\"mbt-read-more\">More info \u2192<\/a><\/div><div class=\"mbt-book-buybuttons\"><div class=\"mbt-book-buybutton\"><a class=\"mbt-universal-buybutton\" href=\"https:\/\/comportements.ch\/wp-content\/uploads\/2019\/10\/School-Building-Design.pdf\" rel=\"nofollow\">Download<\/a><\/div><div style=\"clear:both\"><\/div><\/div><\/div><div style=\"clear:both;\"><\/div>\r\n<\/div><div itemscope itemtype=\"https:\/\/schema.org\/Book\" id=\"post-753\" class=\"mbt-book mbt-book-excerpt\"><div class=\"mbt-book-images \"><a href=\"https:\/\/comportements.ch\/en\/books\/development-of-kabul-reconstruction-and-planning-issues\/\"><img decoding=\"async\" alt=\"Development of Kabul: Reconstruction and planning issues\" class=\" mbt-book-image\" src=\"https:\/\/comportements.ch\/wp-content\/uploads\/2019\/11\/BKabul2004-582x800.jpg\"><\/a><\/div><div class=\"mbt-book-right\"><h2 class=\"mbt-book-title\" itemprop=\"name\">\r\n\t<a href=\"https:\/\/comportements.ch\/en\/books\/development-of-kabul-reconstruction-and-planning-issues\/\">Development of Kabul: Reconstruction and planning issues<\/a>\r\n<\/h2><div class=\"mbt-book-meta\">\r\n\t<span class=\"mbt-meta-item mbt-meta-mbt_author\"><span class=\"mbt-meta-title\">Authors:<\/span> <a href=\"https:\/\/comportements.ch\/en\/authors\/babar-mumtaz-en\/\">Babar Mumtaz<\/a>, <a href=\"https:\/\/comportements.ch\/en\/authors\/kaj-noschis-en\/\">Kaj Noschis<\/a><\/span><br>\t<span class=\"mbt-meta-item mbt-meta-series\"><span class=\"mbt-meta-title\">Series:<\/span> <a href=\"https:\/\/comportements.ch\/en\/series\/books-for-free-reading-and-download\/\">Comportements Publishers : Books for free reading and download<\/a>, Book 5<\/span><br>\t\t<\/div><div itemprop=\"description\" class=\"mbt-book-blurb\">\r\n\t<p class=\"Style8\"><strong>Babar Mumtaz &amp; Kaj Noschis, Editors<\/strong><br \/>\nDevelopment of Kabul: Reconstruction and Planning issues<\/p>\n<h4 class=\"Style8\">Proceedings of the 10th Architecture &amp; Behaviour Colloquium,<\/h4>\n<p>Monte Verit\u00e0, Ascona, Ticino, Switzerland, 2004<\/p>\n <a href=\"https:\/\/comportements.ch\/en\/books\/development-of-kabul-reconstruction-and-planning-issues\/\" class=\"mbt-read-more\">More info \u2192<\/a><\/div><div class=\"mbt-book-buybuttons\"><div class=\"mbt-book-buybutton\"><a class=\"mbt-universal-buybutton\" href=\"https:\/\/comportements.ch\/wp-content\/uploads\/2019\/10\/Development-of-Kabul.pdf\" rel=\"nofollow\">Download<\/a><\/div><div style=\"clear:both\"><\/div><\/div><\/div><div style=\"clear:both;\"><\/div>\r\n<\/div> <\/div> <\/div> <\/div> <\/div>\n","protected":false},"excerpt":{"rendered":"","protected":false},"author":2,"featured_media":0,"parent":0,"menu_order":0,"comment_status":"closed","ping_status":"closed","template":"","meta":{"footnotes":""},"class_list":["post-970","page","type-page","status-publish","hentry","entry"],"_links":{"self":[{"href":"https:\/\/comportements.ch\/en\/wp-json\/wp\/v2\/pages\/970","targetHints":{"allow":["GET"]}}],"collection":[{"href":"https:\/\/comportements.ch\/en\/wp-json\/wp\/v2\/pages"}],"about":[{"href":"https:\/\/comportements.ch\/en\/wp-json\/wp\/v2\/types\/page"}],"author":[{"embeddable":true,"href":"https:\/\/comportements.ch\/en\/wp-json\/wp\/v2\/users\/2"}],"replies":[{"embeddable":true,"href":"https:\/\/comportements.ch\/en\/wp-json\/wp\/v2\/comments?post=970"}],"version-history":[{"count":2,"href":"https:\/\/comportements.ch\/en\/wp-json\/wp\/v2\/pages\/970\/revisions"}],"predecessor-version":[{"id":1021,"href":"https:\/\/comportements.ch\/en\/wp-json\/wp\/v2\/pages\/970\/revisions\/1021"}],"wp:attachment":[{"href":"https:\/\/comportements.ch\/en\/wp-json\/wp\/v2\/media?parent=970"}],"curies":[{"name":"wp","href":"https:\/\/api.w.org\/{rel}","templated":true}]}}