{"id":68,"date":"2019-10-07T07:19:56","date_gmt":"2019-10-07T07:19:56","guid":{"rendered":"https:\/\/comportements.ch\/?page_id=68"},"modified":"2026-02-12T13:28:44","modified_gmt":"2026-02-12T13:28:44","slug":"publications","status":"publish","type":"page","link":"https:\/\/comportements.ch\/en\/publications\/","title":{"rendered":"Publications of Kaj Noschis"},"content":{"rendered":"<p>&nbsp;<\/p>\n\n\n<h2 class=\"wp-block-heading\"><\/h2>\n\n\n\n<h4 class=\"wp-block-heading\">Clinical psychosociology and psychology of the unconscious<\/h4>\n\n\n\n<ul class=\"wp-block-list\">\n<li>NOSCHIS,K.\u00a0Carl Gustav Jung &#8211; El\u00e4m\u00e4 ja psykologia, Jyv\u00e4skyl\u00e4, Kampus Kustannus, 2011,198 s. ( New edition\/ Uusi suomenkielinen painos Amazon, 2024) (The book can be ordered\/Kirja on tilattavissa: <a href=\"https:\/\/www.amazon.com\/Carl-Gustav-Jung-psykologia-Finnish\/dp\/B0D5QQM8K4\/ref=sr_1_3?dib=eyJ2IjoiMSJ9.u6pdT6pY7isuC9b3C-24jcJxkLpF9JHtGBCa21n4FjX8rb0qS1A2xwzHw4SJfluk-HmfgOm4rmiMFcKRuYHdfWXH85_-hblJSn4zH_JGquw._pfeFrFiZK2d-kGMv2b_DScUxg6JdLP8CfVWgTB54lE&amp;dib_tag=se&amp;qid=1769869389&amp;refinements=p_27%3Akaj-noschis&amp;s=books&amp;sr=1-3\">link to Amazon<\/a>)<\/li>\n\n\n\n<li>NOSCHIS, K. &#8220;Beyond the polarised female in a male analysand from Northern Europe&#8221;, Harvest, 2021, 108-120,  C.G.Jung Club, London<a href=\"https:\/\/comportements.ch\/wp-content\/uploads\/2021\/03\/Wien2019ProcceedingsKN.pdf\" target=\"_blank\" rel=\"noreferrer noopener\">(<\/a><a href=\"https:\/\/comportements.ch\/wp-content\/uploads\/2026\/01\/KNHarvest2021.pdf\" data-type=\"URL\" data-id=\"https:\/\/comportements.ch\/wp-content\/uploads\/2021\/03\/Wien2019ProcceedingsKN.pdf\" target=\"_blank\" rel=\"noreferrer noopener\">pdf<\/a>).<\/li>\n\n\n\n<li>NOSCHIS, K. Beyond the polarised female in a male analysand from Northern Europe&#8221; in Kiehl,E., Egli,J. (Eds.) Vienna 2019: Encountering the other, Proceedings of the 21th Congress of IAAP, Einsiedeln, Daimon Verlag,2020 <a href=\"https:\/\/comportements.ch\/wp-content\/uploads\/2021\/03\/Wien2019ProcceedingsKN.pdf\" target=\"_blank\" rel=\"noreferrer noopener\">(<\/a><a href=\"https:\/\/comportements.ch\/wp-content\/uploads\/2021\/03\/Wien2019ProcceedingsKN.pdf\" data-type=\"URL\" data-id=\"https:\/\/comportements.ch\/wp-content\/uploads\/2021\/03\/Wien2019ProcceedingsKN.pdf\" target=\"_blank\" rel=\"noreferrer noopener\">pdf<\/a>).<\/li>\n\n\n\n<li>NOSCHIS,K. &#8220;Public Spaces as Builders of the Collective Unconscious&#8221; in Carta,S.,Adorisio,A.,Mercurio,R. (Eds.) The Analyst in the Polis &#8211; Vol II, IAAP, Rome, Streetlib,2015 (<a rel=\"noreferrer noopener\" href=\"https:\/\/comportements.ch\/wp-content\/uploads\/2019\/10\/KNPubSpac2015.pdf\" target=\"_blank\">pdf<\/a>).<\/li>\n\n\n\n<li>NOSCHIS,K.&nbsp;Carl Gustav Jung &#8211; L&#8217;ascolto del mondo interiore, Locarno, Armando Dad\u00f2,2011,250p. (Traduit du fran\u00e7ais par G.Arcaini &#8211; translated from French) (<a rel=\"noreferrer noopener\" aria-label=\"link (s\u2019ouvre dans un nouvel onglet)\" href=\"https:\/\/www.editore.ch\/component\/virtuemart\/results,1-24.html?virtuemart_category_id=0&amp;keyword=Noschis&amp;limitstart=0&amp;option=com_virtuemart&amp;view=category\" target=\"_blank\">link<\/a>)<\/li>\n\n\n\n<li>NOSCHIS,K.&nbsp;Carl Gustav Jung &#8211; El\u00e4m\u00e4 ja psykologia, Jyv\u00e4skyl\u00e4, Kampus Kustannus,2011,172s. (Traduit du fran\u00e7ais par A.Rajala- translated from French) <\/li>\n\n\n\n<li>NOSCHIS,K. &#8220;Cultural Tourism and Soul Care: Traveling to Recover theAnima Mundi&#8221;, Spring,85,2011,187-198 (<a rel=\"noreferrer noopener\" href=\"https:\/\/comportements.ch\/wp-content\/uploads\/2021\/03\/Spring85Noschis.pdf\" target=\"_blank\">pdf<\/a>)<\/li>\n\n\n\n<li>DUPONT,J. &amp; NOSCHIS,K., (sous la responsabilit\u00e9 de),&nbsp;Sabina Spielrein, une \u0153uvre pionni\u00e8re, un destin singulier, Le Coq Heron,197,2009 <\/li>\n\n\n\n<li>NOSCHIS,K. Jung.Vie et psychologie. Presses polytechniques et universitaires romandes, Lausanne,2004,pp.170 (3\u00e8me \u00e9dition 2013) (<a rel=\"noreferrer noopener\" aria-label=\"link (s\u2019ouvre dans un nouvel onglet)\" href=\"https:\/\/www.epflpress.org\/search?utf8=%E2%9C%93&amp;q=Noschis\" target=\"_blank\">link<\/a>)<\/li>\n\n\n\n<li>NOSCHIS,K. \u00ab La psychologie analytique de Jung \u00bb, dans N.Duruz,M.Gennart,eds.,&nbsp;Trait\u00e9 de psychoth\u00e9rapie compar\u00e9e, M\u00e9decine et Hygi\u00e8ne, Gen\u00e8ve, 2002, 41-65.<\/li>\n\n\n\n<li>NOSCHIS,K. \u201cLe trekker et le p\u00e8lerin \u00bb,&nbsp;La Vouivre \u2013 Cahiers romands de pschologie analytique, 11,2001,21-35. (<a rel=\"noreferrer noopener\" href=\"https:\/\/comportements.ch\/wp-content\/uploads\/2021\/03\/KNTrek2001.pdf\" target=\"_blank\">pdf<\/a>)<\/li>\n\n\n\n<li>NOSCHIS, K. \u00ab Dionysus is back \u00bb in H.Klingemann, G.Hunt, eds.,&nbsp;Drug Treatment Systems in an internationall perspective&nbsp;Sage, Thousand Oaks, 1998,234-236.<\/li>\n\n\n\n<li>NOSCHIS, K. \u00ab Das Heilige in unserer Zeit \u00bb,&nbsp;Gorgo, 1997, 33, 39-54.<\/li>\n\n\n\n<li>NOSCHIS,K. \u00ab Die Stadt als Ort der Seele \u00bb,&nbsp;Gorgo, 1996, 30, 5-27.<\/li>\n\n\n\n<li>NOSCHIS, K. \u201cA la recherche de l\u2019ombre perdue\u201d,&nbsp;La Vouivre &#8211; Cahiers romands de psychologie analytique, 7,1997,3-20. (<a rel=\"noreferrer noopener\" aria-label=\"pdf (s\u2019ouvre dans un nouvel onglet)\" href=\"https:\/\/comportements.ch\/wp-content\/uploads\/2019\/10\/KNOmbre1992-1.pdf\" target=\"_blank\">pdf<\/a>)<\/li>\n\n\n\n<li>NOSCHIS, K. \u00ab Pillen, Psychotherapie und Wirksamheit \u00bb,&nbsp;Gorgo, 1995,28,37-54.<\/li>\n\n\n\n<li>NOSCHIS, K. &#8220;Demons in the City&#8221;,&nbsp;Open Questions in Analytical Psychology, Proceedings of the 13th Integrnational Congress for Analytical Psychology, Z\u00fcrich, Daimon Verlag, 1995, 79-90.<\/li>\n\n\n\n<li>NOSCHIS, K. &#8220;Dealing with An Organization&#8217;s Shadow Aspects&#8221; in M. Stein, J. Hollwitz, eds.,&nbsp;Psyche At Work, Workplace Applications of Jungian Analytical Psychology, San Francisco, Chiron Publications, 1992, 118-135. (<a rel=\"noreferrer noopener\" aria-label=\"pdf (s\u2019ouvre dans un nouvel onglet)\" href=\"https:\/\/comportements.ch\/wp-content\/uploads\/2019\/10\/KNDealShad1992-1.pdf\" target=\"_blank\">pdf<\/a>)<\/li>\n\n\n\n<li>NOSCHIS, K. \u201cAnalyyttinen psykologia ja kliininen l\u00e4hestymistapa\u201d,Psykologia, 30,1995,3,172-178. (traduction de&nbsp;La Vouivre,1992). (<a rel=\"noreferrer noopener\" aria-label=\"pdf (s\u2019ouvre dans un nouvel onglet)\" href=\"https:\/\/comportements.ch\/wp-content\/uploads\/2019\/10\/KNAnalPsy1995-1.pdf\" target=\"_blank\">pdf<\/a>)<\/li>\n\n\n\n<li>NOSCHIS, K. &#8220;Exp\u00e9rience du cercle&#8221;,&nbsp;La Vouivre &#8211; Cahiers romands de psychologie analytique, 5, 1995,123-137. (<a rel=\"noreferrer noopener\" aria-label=\"pdf (s\u2019ouvre dans un nouvel onglet)\" href=\"https:\/\/comportements.ch\/wp-content\/uploads\/2019\/10\/KNCercleVouivre95.pdf\" target=\"_blank\">pdf<\/a>)<\/li>\n\n\n\n<li>NOSCHIS, K. &#8220;Approche clinique et psychologie analytique&#8221;&nbsp;La Vouivre &#8211; Cahiers romands de psychologie analytique, 3, 1992, 119-135. (<a rel=\"noreferrer noopener\" aria-label=\"pdf (s\u2019ouvre dans un nouvel onglet)\" href=\"https:\/\/comportements.ch\/wp-content\/uploads\/2019\/10\/KNappclin1992-1.pdf\" target=\"_blank\">pdf<\/a>)<\/li>\n\n\n\n<li>NOSCHIS, K. &#8220;La formation du symbole chez Jung&#8221;.&nbsp;La Vouivre &#8211; Cahiers romands de psychologie analytique, 1, 1990, 85-109.<\/li>\n\n\n\n<li>NOSCHIS, K., Une approche th\u00e9rapeutique nouvelle du buveur excessif oblige aussi \u00e0 changer de h\u00e9ros de conte,in G. Caro, ed.,&nbsp;De l&#8217;alcoolisme au bien boire, Tome II, Paris, L&#8217;Harmattan, 1990, 279-291.<\/li>\n\n\n\n<li>NOSCHIS, K. &#8220;Se soigner dans le quartier&#8221;,&nbsp;Architecture &amp; Comportement, 6, 1990, 3, 275-281.(<a rel=\"noreferrer noopener\" aria-label=\"pdf (s\u2019ouvre dans un nouvel onglet)\" href=\"https:\/\/www.epfl.ch\/labs\/lasur\/wp-content\/uploads\/2018\/05\/NOSCHIS-v6n3.pdf\" target=\"_blank\">pdf<\/a>).<\/li>\n\n\n\n<li>NOSCHIS, K., Prevention secondaire des probl\u00e8mes li\u00e9s \u00e0 l&#8217;alcool:mise au point et \u00e9valuation d&#8217;un instrument pour le m\u00e9decin g\u00e9n\u00e9raliste, R no.19, Institut Suisse de Prophylaxie de l&#8217;Alcoolisme, d\u00e9partement de recherche, 1989.<\/li>\n\n\n\n<li>NOSCHIS, K.,ed., Num\u00e9ro sp\u00e9cial: Rupture de rituels, Texte d&#8217;introduction,Drogalkohol, 1988, 3, 144-150.<\/li>\n\n\n\n<li>NOSCHIS, K. &#8220;Le language de notre int\u00e9rieur&#8221;,&nbsp;Cahiers M\u00e9dico-Sociaux, 32, 1988, 3-4, 187-191.<a rel=\"noreferrer noopener\" aria-label=\"(pdf (s\u2019ouvre dans un nouvel onglet)\" href=\"https:\/\/comportements.ch\/wp-content\/uploads\/2019\/10\/KNLangInterieur.pdf\" target=\"_blank\">(pdf<\/a>)<\/li>\n\n\n\n<li>NOSCHIS, K., Testing a self-help instrument with early risk-consumers in general practice. A progress report.&nbsp;Contemporary Drug Problems, XV, 1988, 3, 365-382.<\/li>\n\n\n\n<li>NOSCHIS, K.,&nbsp;Le symbole entre Jung et Piaget&nbsp;(travail de dipl\u00f4me), Z\u00fcrich, Institut C.G. Jung, 1985, 121 p.<\/li>\n<\/ul>\n\n\n\n<h4 class=\"wp-block-heading\">Environmental&nbsp;Psychology&nbsp;\/ Architecture<\/h4>\n\n\n\n<ul class=\"wp-block-list\">\n<li>NOSCHIS,K. Seniors acteurs de l&#8217;espace public et citoyens \u00e0 part enti\u00e8re.Recherche action. Cahier du LaSUR 28, EPFL, Lausanne, 2018, 93 p. (<a href=\"https:\/\/wp.unil.ch\/connaissance3\/publications\/\" data-type=\"URL\" data-id=\"https:\/\/wp.unil.ch\/connaissance3\/publications\/\">l<\/a><a href=\"https:\/\/wp.unil.ch\/connaissance3\/publications\/\" data-type=\"URL\" data-id=\"https:\/\/wp.unil.ch\/connaissance3\/publications\/\" target=\"_blank\" rel=\"noreferrer noopener\">ink <\/a>)<\/li>\n\n\n\n<li>NOSCHIS,K. Habiter avec son \u00e2ge. Regards de retrait\u00e9s bien-portants sur l&#8217;avenir de leur habitat. Etude exploratoire. Cahier du LaSUR 24, EPFL, Lausanne, 2015, 76 p. (<a rel=\"noreferrer noopener\" aria-label=\"link (s\u2019ouvre dans un nouvel onglet)\" href=\"http:\/\/wp.unil.ch\/connaissance3\/files\/2015\/12\/Lasur-fusionne%CC%81.pdf\" target=\"_blank\">link<\/a>)<\/li>\n\n\n\n<li>NOSCHIS,K. &#8220;Avec les &#8216;hippies&#8217; de Monte Verit\u00e0&#8221;, L&#8217;Alpe, 66, 2014, 8-18 (<a rel=\"noreferrer noopener\" aria-label=\" (s\u2019ouvre dans un nouvel onglet)\" href=\"http:\/\/www.lalpe.com\/lalpe-66-excentriques-fadas-et-autres-reveurs\/\" target=\"_blank\">link<\/a>)&nbsp;<\/li>\n\n\n\n<li>NOSCHIS,K. &#8220;Pr\u00e9face\/Preface&#8221; in R.Lawrence,G.Barbey,eds., Repenser l&#8217;habitat. Donner un sens au logement., Gollion, Infolio ,2014, 17-24.<\/li>\n\n\n\n<li>NOSCHIS,K. Monte Verit\u00e0 &#8211; Ascona e il genio del luogo. Bellinzona, Casagrande, 2013, 190p. (Translated from French by &nbsp;E.Basso) (<a rel=\"noreferrer noopener\" aria-label=\"link (s\u2019ouvre dans un nouvel onglet)\" href=\"http:\/\/www.edizionicasagrande.com\/index.php?m=2&amp;s=1&amp;id=1810&amp;auth_key=n&amp;auth_name=\" target=\"_blank\">link<\/a>)<\/li>\n\n\n\n<li>NOSCHIS,K. Monte Verit\u00e0 &#8211; Ascona et le g\u00e9nie du lieu. Presses polytechniques et universitaires romandes,Lausanne, 2011, 144p (<a href=\"http:\/\/www.ppur.org\/\/auteur\/1027\/Kaj%2520Noschis\">li<\/a><a rel=\"noreferrer noopener\" aria-label=\"nk (s\u2019ouvre dans un nouvel onglet)\" href=\"http:\/\/www.ppur.org\/\/auteur\/1027\/Kaj%2520Noschis\" target=\"_blank\">nk<\/a>)<\/li>\n\n\n\n<li>NOSCHIS,K. &#8220;The Pilgrim in an Individualistic Context&#8221;, in J.M.Malville, B.Saraswati,B.,eds., Pilgrimage, Sacred Landscapes and Self-Organized Complexity. Indira Gandhi National Centre for Arts,New Delhi,2009,217-229 (<a rel=\"noreferrer noopener\" aria-label=\"pdf (s\u2019ouvre dans un nouvel onglet)\" href=\"https:\/\/comportements.ch\/wp-content\/uploads\/2019\/10\/KNTrekking2009.pdf\" target=\"_blank\">pdf<\/a>)<\/li>\n\n\n\n<li>NOSCHIS,K. The impact of improved school design on the academic achievement of students in the Palestinian territories: An empirical study. Cahier du LaSUR 13, EPFL, Lausanne, 2009, 178 p. (<a rel=\"noreferrer noopener\" aria-label=\"link (s\u2019ouvre dans un nouvel onglet)\" href=\"https:\/\/comportements.ch\/wp-content\/uploads\/2019\/10\/PalestineReport_repro2.pdf\" target=\"_blank\">link<\/a>)<\/li>\n\n\n\n<li>KNAPP,E.,NOSCHIS,K.,PASALAR,C. \u201cSchool Building Design and Learning Performance\u201d, Comportements,Lausanne, 2007 (<a rel=\"noreferrer noopener\" aria-label=\"link (s\u2019ouvre dans un nouvel onglet)\" href=\"https:\/\/comportements.ch\/wp-content\/uploads\/2019\/10\/School-Building-Design.pdf\" target=\"_blank\">link<\/a>)<\/li>\n\n\n\n<li>NOSCHIS,K. \u201cLa ville, un terrain de jeu pour l\u2019enfant\u201d Enfances &amp; psy, 33,2007<\/li>\n\n\n\n<li>MUMTAZ,B.,NOSCHIS,K. Introduction in B.Mumtaz, K.Noschis, eds.,Development of Kabul: Reconstruction and planning issues, Comportements, Lausanne (2004) (<a rel=\"noreferrer noopener\" aria-label=\"link (s\u2019ouvre dans un nouvel onglet)\" href=\"https:\/\/comportements.ch\/wp-content\/uploads\/2019\/10\/Development-of-Kabul.pdf\" target=\"_blank\">link<\/a>)<\/li>\n\n\n\n<li>NOSCHIS,K. \u00ab Aesthetics in the built environment and its influence on the user \u00bb in B. Cold, ed,&nbsp;Aesthetics, Well-being and Health, Ashgate, Burlington, 2001. (<a rel=\"noreferrer noopener\" aria-label=\"pdf (s\u2019ouvre dans un nouvel onglet)\" href=\"https:\/\/comportements.ch\/wp-content\/uploads\/2019\/10\/KNaesthet01-1.pdf\" target=\"_blank\">pdf<\/a>)<\/li>\n\n\n\n<li>NOSCHIS,K. \u00ab Die Stadt als Ort der Seele \u00bb,&nbsp;Der Architekt \u2013 Zeitschrift des BDA, Juli,1999,43-48<\/li>\n\n\n\n<li>NOSCHIS, K. \u201cL\u2019enfant dans la ville\u201d in M.Skrivan, ed.,&nbsp;L\u2019espace vital de l\u2019enfant&nbsp;Comportements, Lausanne,1999,42-51.<\/li>\n\n\n\n<li>NOSCHIS, K. \u201cCultural diversity contributing to architectural knowledge\u201d in W. O\u2019Reilly, ed.,&nbsp;Architectural Knowledge and Cultural DiversityComportements, Lausanne,1999,9-16.<\/li>\n\n\n\n<li>NOSCHIS, K. \u201cLa sc\u00e8ne de la vie urbaine\u201d,&nbsp;Revue \u00e9conomique et sociale, 57,1999,4,229-240.<\/li>\n\n\n\n<li>DUNIN-WOYSETH,H., NOSCHIS, K. Introduction in H.Dunin-Woyseth, K. Noschis, eds.,&nbsp;Architecture and Teaching, Epistemological FoundationsComportements, Lausanne,1998,7-20<\/li>\n\n\n\n<li>NOSCHIS, K. \u00ab Let\u2019s not forget the user \u00bb in H.Dunin-Woyseth, K. Noschis, eds.,&nbsp;Architecture and Teaching, Epistemological FoundationsComportements, Lausanne,1998,103-110.<\/li>\n\n\n\n<li>NOSCHIS, K. \u00ab The importance of space in care environments \u00bb in B.Cold, A.Kolstad, S. Larssaetter, eds.,&nbsp;Aesthetics, Well-being and Health, Norsk Form, Oslo, 1998, 194-195<\/li>\n\n\n\n<li>NOSCHIS, K. &#8220;L&#8217;enfant urbain&#8221;,&nbsp;Architecture &amp; Comportement, 10, 1994, 4, 351-360. &#8220;The Urban Child&#8221;,&nbsp;Architecture &amp; Behaviour, 10, 1994, 4, 343-350. (link)<\/li>\n\n\n\n<li>NOSCHIS, K. &#8220;Powerful Places as Occasions for an Inner Dialogue&#8221;,&nbsp;The National Geographical Journal of India, 39,1994,21-30. (<a rel=\"noreferrer noopener\" aria-label=\"pdf (s\u2019ouvre dans un nouvel onglet)\" href=\"https:\/\/comportements.ch\/wp-content\/uploads\/2019\/10\/KNPower94-1.pdf\" target=\"_blank\">pdf<\/a>)<\/li>\n\n\n\n<li>NOSCHIS, K. &#8220;Introduction au colloque: La ville a-t-elle un avenir?&#8221;,&nbsp;Revue Economique et Sociale, 51, 1993, 4, 247-250.<\/li>\n\n\n\n<li>NOSCHIS, K. &#8220;Human Beings as Poets &#8211; Advocating Complexity&#8221;,Architecture &amp; Comportement, 9, 1993, 4, 499-503. (link)<\/li>\n\n\n\n<li>NOSCHIS, K. &#8220;Etudier l&#8217;homme dans une \u00e9cole d&#8217;ing\u00e9nieurs. L&#8217;homunculus: de ET \u00e0 HTE&#8221; in M. Bassand, B. Galland, D. Joye, eds.,&nbsp;Transformations techniques et soci\u00e9t\u00e9s, Bern, Peter Lang, 1992, 185-198.<\/li>\n\n\n\n<li>NOSCHIS, K. &#8220;Child Development Theory and Planning for Neighbourhood Play&#8221;,&nbsp;Children&#8217;s Environments, 9, 1992, 2, 3-9. (<a rel=\"noreferrer noopener\" aria-label=\"pdf (s\u2019ouvre dans un nouvel onglet)\" href=\"https:\/\/comportements.ch\/wp-content\/uploads\/2019\/10\/KNChild91.pdf\" target=\"_blank\">pdf<\/a>)<\/li>\n\n\n\n<li>NOSCHIS, K. &#8220;L&#8217;enfant int\u00e9rieur et la ville&#8221;,&nbsp;Architecture &amp; Comportement, 8, 1992, 1, 59-67. (<a rel=\"noreferrer noopener\" aria-label=\"link (s\u2019ouvre dans un nouvel onglet)\" href=\"https:\/\/lasur.epfl.ch\/wp-content\/uploads\/2018\/05\/NOSCHIS_fr-v8n1.pdf\" target=\"_blank\">link<\/a>)<\/li>\n\n\n\n<li>NOSCHIS, K. &#8220;Le sacr\u00e9 aujourd&#8217;hui&#8221;&nbsp;La Vouivre &#8211; Cahiers romands de psychologie analytique, 2, 1991, 117-134.<\/li>\n\n\n\n<li>NOSCHIS, K. &#8220;The Affective Meaning of Neighbourhood&#8221;,&nbsp;The National Geographical Journal of India, 37, 1991, March-June, 17-27.(TraductionVenise.Signification affective..&nbsp;1982) (<a rel=\"noreferrer noopener\" aria-label=\"pdf (s\u2019ouvre dans un nouvel onglet)\" href=\"https:\/\/comportements.ch\/wp-content\/uploads\/2019\/10\/KNAffMean1991.pdf\" target=\"_blank\">pdf<\/a>)<\/li>\n\n\n\n<li>NOSCHIS, K. &#8220;Man recognizing his imprint&#8221;,&nbsp;ACANTHUS&nbsp;1990, 80-85.<\/li>\n\n\n\n<li>NOSCHIS, K. &#8220;Conserver les pratiques plut\u00f4t que les fa\u00e7ades?&#8221;,Administrer, 20, 1990, 218, 16-21.<\/li>\n\n\n\n<li>NOSCHIS, K., &#8220;Cr\u00e9ativit\u00e9 de l&#8217;architecte dans une perspective de psychologie de l&#8217;imaginaire&#8221;, in J.Sarquis,ed.,Cr\u00e9ativit\u00e9, Architecture,Interdisciplinarit\u00e9,&nbsp;Buenos Aires, Fadu,Uba, 1989,53-64.<\/li>\n\n\n\n<li>NOSCHIS, K. &#8220;L&#8217;homme qui reconna\u00eet ses propres traces&#8221;,&nbsp;Techniques &amp; Architecture, No sp\u00e9cial: &#8220;Le projet organique aujourd&#8217;hui: Imre Makovecz&#8221;, Paris, 1989.<\/li>\n\n\n\n<li>NOSCHIS, K. &#8220;Public settings of a neighbourhood: Identity and symbolism&#8221;,Architecture &amp; Behaviour, 3, 1987, 4, 301-316. (<a href=\"https:\/\/lasur.epfl.ch\/wp-content\/uploads\/2018\/05\/NOSCHIS-v3n4.pdf\" target=\"_blank\" rel=\"noreferrer noopener\" aria-label=\"link (s\u2019ouvre dans un nouvel onglet)\">link<\/a>)<\/li>\n\n\n\n<li>NOSCHIS, K. &#8220;L&#8217;usager et sa conception de l&#8217;espace domestique dans le dialogue avec l&#8217;architecte&#8221;,&nbsp;Psychologie Fran\u00e7aise, 32, 1987, 1-2, 23-29.<\/li>\n\n\n\n<li>NOSCHIS, K. &#8220;Lapsen tilak\u00e4sitys ja arkkitehtuuri&#8221;,&nbsp;Arkkitehti &#8211; Finnish Architectural Review, 83, 1986, 6, 22-25.<\/li>\n\n\n\n<li>NOSCHIS, K. &#8220;Le quartier affectif: essai de typification&#8221; in A. Bourdin &amp; M. Hirschorn, eds.,&nbsp;Figures de la ville: autour de Max Weber, Paris, Aubier Montaigne, 1985, 95-103.<\/li>\n\n\n\n<li>NOSCHIS, K.&nbsp;Signification affective du quartier, Paris, Librairie des M\u00e9ridiens, 1984, 170 pp. (2nd edition: Lausanne,Comportements,2014 ( <a rel=\"noreferrer noopener\" aria-label=\"link (s\u2019ouvre dans un nouvel onglet)\" href=\"https:\/\/comportements.ch\/wp-content\/uploads\/2019\/10\/Noschis-Signification-affective-du-quartier.pdf\" target=\"_blank\">link <\/a>)<\/li>\n\n\n\n<li>NOSCHIS, K. &#8220;Comportement et architecture: approche globale et approche partielle&#8221;,&nbsp;Recherches Sociologiques, XVII, 1, 1986, 125-146<\/li>\n\n\n\n<li>LAWRENCE, R., NOSCHIS, K. &#8220;Inscrire sa vie dans son logement: le cas des couples&#8221;,&nbsp;Bulletin de Psychologie, XXXVII, 1984, 366, 887-895.<\/li>\n\n\n\n<li>NOSCHIS, K. &#8220;Environnement construit, communaut\u00e9 et folie&#8221;,&nbsp;Cahiers m\u00e9dico-sociaux, 27, 1983, 295-302. <\/li>\n\n\n\n<li>DOZIO, M-J, FEDDERSEN, P, NOSCHIS, K. &#8220;Everyday life on a insignificant public square&#8221;,&nbsp;Ekistics, 50, 1983, 66-76.<\/li>\n\n\n\n<li>NOSCHIS, K. &#8220;Fonction symbolique du logement: une analyse de cas&#8221;,Information sur les Sciences Sociales, 22, 1983, 3, 435-460.<\/li>\n\n\n\n<li>NOSCHIS, K. &#8220;Identit\u00e9 et habitat: une m\u00e9thode sociopsychologique&#8221;,Cahiers Internationaux de Sociologie, LXII, 1982, 33-54.<\/li>\n\n\n\n<li>NOSCHIS, K. &#8220;Simulation de la construction d&#8217;un espace architectural&#8221;,Revue Suisse de Psychologie, 41, 1982,1,36-56.(extrait de&nbsp;Environnements psychologique, 1980)<\/li>\n\n\n\n<li>NOSCHIS, K. &#8220;Venise. Signification affective d&#8217;un quartier&#8221;,&nbsp;Annales de la recherche urbaine, 17, 1982, 54-69.<\/li>\n\n\n\n<li>NOSCHIS, K. &#8220;The child in the laboratory: not only conforming to prompts&#8221;, in J. Baird &amp; A. Lutkus,eds.,&nbsp;Mind Child Architecture, Hanover &amp; London, University of New England Press, 1982, 132-158.<\/li>\n\n\n\n<li>NOSCHIS, K. &#8220;Architects and psychology: a diachronic psychology&#8221;,Architecture &amp; Behaviour, 1, 1981, 2, 149-164 (<a rel=\"noreferrer noopener\" aria-label=\"link (s\u2019ouvre dans un nouvel onglet)\" href=\"https:\/\/lasur.epfl.ch\/wp-content\/uploads\/2018\/05\/NOSCHIS.pdf\" target=\"_blank\">link<\/a>)<\/li>\n\n\n\n<li>NOSCHIS, K.&nbsp;Environnements psychologique et physique dans une t\u00e2che de construction&nbsp;(Th\u00e8se de doctorat, Universit\u00e9 de Lausanne), Morges, Copygil, 1980, 331 pp.<\/li>\n\n\n\n<li>NOSCHIS, K.,DOZIO, M-J, FEDDERSEN, P, TRIANTIS, E. &#8220;Appropriation of space: a method and two case studies&#8221;,&nbsp;Ekistics, 1978, 273, 451-466.<\/li>\n<\/ul>\n\n\n\n<h4 class=\"wp-block-heading\">Sociology\/General psychology<\/h4>\n\n\n\n<ul class=\"wp-block-list\">\n<li>NOSCHIS,K. \u201cLa question de l\u2019ombre dans l\u2019entreprise\u201d,&nbsp;Revue \u00e9conomique et sociale, 59,2001,4,261-270 (traduction de \u201cDealing with an organization\u2019s shadow aspects\u201d)<\/li>\n\n\n\n<li>NOSCHIS, K. \u00ab L\u2019\u00e9cran dans la ville \u00bb,&nbsp;Revue \u00e9conomique et sociale,54,1996,2,97-104.<\/li>\n\n\n\n<li>NOSCHIS, K. \u201cUn autre regard sur le ch\u00f4mage\u201d,&nbsp;Revue \u00e9conomique et sociale,54,1996,4,161-270.<\/li>\n\n\n\n<li>NOSCHIS, K. \u201cUnion europ\u00e9enne: Finlande et Suisse, adh\u00e9sion et non-adh\u00e9sion\u201d,&nbsp;Revue \u00e9conomique et sociale,53,1995,2,139-144.<\/li>\n\n\n\n<li>NOSCHIS, K. Choix des textes, postface (avec D. de Caprona) et bibliographie du livre SCHUTZ, A.&nbsp;Le chercheur et le quotidien. Paris, Meridiens Klincksieck, 1987 (traduction A. Noschis) (2\u00e8me \u00e9dition 1994).<\/li>\n\n\n\n<li>NOSCHIS, K. &#8220;Countries without vandalism? An interpretive frame for the Swiss case&#8221; in C.L\u00e9vy-Leboyer, ed.,&nbsp;Vandalism: Behaviour and motivations, Amsterdam, North-Holland, 1984, 91-101.<\/li>\n\n\n\n<li>DE CAPRONA, D., NOSCHIS, K. &#8220;Alfred Schutz: apr\u00e8s Max Weber et Edmund Husserl&#8221;,&nbsp;Soci\u00e9t\u00e9s, 1, 1983, (0), 5-10.<\/li>\n\n\n\n<li>NOSCHIS, K. &#8220;Management of conflicts by couples&#8221;,&nbsp;Revue Suisse de Sociologie, 8, 1982, 2, 501-519.<\/li>\n\n\n\n<li>NOSCHIS, K. &#8220;L&#8217;ambiguit\u00e9 de Wundt: en quete d&#8217;une psychologie pertinente&#8221;,&nbsp;Bulletin de Psychologie, XXXIV, 1980-81, 352, 765-774. (extrait de&nbsp;Environnements psychologique..1980)<\/li>\n<\/ul>\n\n\n\n<h4 class=\"wp-block-heading\">Child psychology\/Piaget<\/h4>\n\n\n\n<ul class=\"wp-block-list\">\n<li>NOSCHIS, K. &#8220;Symbolin asema Piaget&#8217;n teoriassa&#8221;,&nbsp;Psykologia, 23,1988, 4, 252-261.<\/li>\n\n\n\n<li>NOSCHIS, K. Pr\u00e9face (en finnois) et choix des textes du livre PIAGET, J.Lapsi rakentaa maailmansa&nbsp;(L&#8217;enfant construit son monde), Helsinki, WSOY, 1988.<\/li>\n\n\n\n<li>PIAGET, J., ACKERMANN-VALLADAO, E., NOSCHIS, K. &#8220;Les n\u00e9cessit\u00e9s relatives \u00e0 la mesure des longeurs&#8221; in J. Piaget et coll.&nbsp;Le possible et le n\u00e9cessaire -2, Paris, PUF, 1983.<\/li>\n\n\n\n<li>PIAGET, J., ACKERMANN-VALLADAO, E., NOSCHIS, K. &#8220;La construciton la plus grande au moyen des m\u00eames objets&#8221; in J. Piaget et coll.&nbsp;Le possible et le n\u00e9cessaire &#8211; 1, Paris, PUF, 1981.<\/li>\n\n\n\n<li>PIAGET, J., ACKERMANN-VALLADAO, E., NOSCHIS, K. &#8220;Dialectique et conservations spatio-num\u00e9riques&#8221; in J. Piaget et coll.,&nbsp;Les formes \u00e9l\u00e9mentaires de la dialectique, Paris, Gallimard, 1980.<\/li>\n\n\n\n<li>NOSCHIS, K. &#8220;Note sur les sch\u00e8mes proc\u00e9duraux dans la prise d&#8217;information&#8221;,&nbsp;Archives de Psychologie, XLVI,1978,177, 21-31.<\/li>\n\n\n\n<li>NOSCHIS, K. &#8220;Piaget: Viimeisimm\u00e4t tutkimussuuntaukset&#8221;,&nbsp;Psykologia, 6, 1976, 31-34.<\/li>\n<\/ul>\n\n\n\n<p><\/p>\n","protected":false},"excerpt":{"rendered":"<p>&nbsp; Clinical psychosociology and psychology of the unconscious Environmental&nbsp;Psychology&nbsp;\/ Architecture Sociology\/General psychology Child psychology\/Piaget<\/p>\n","protected":false},"author":1,"featured_media":0,"parent":0,"menu_order":0,"comment_status":"closed","ping_status":"closed","template":"","meta":{"footnotes":""},"class_list":["post-68","page","type-page","status-publish","hentry","entry"],"_links":{"self":[{"href":"https:\/\/comportements.ch\/en\/wp-json\/wp\/v2\/pages\/68","targetHints":{"allow":["GET"]}}],"collection":[{"href":"https:\/\/comportements.ch\/en\/wp-json\/wp\/v2\/pages"}],"about":[{"href":"https:\/\/comportements.ch\/en\/wp-json\/wp\/v2\/types\/page"}],"author":[{"embeddable":true,"href":"https:\/\/comportements.ch\/en\/wp-json\/wp\/v2\/users\/1"}],"replies":[{"embeddable":true,"href":"https:\/\/comportements.ch\/en\/wp-json\/wp\/v2\/comments?post=68"}],"version-history":[{"count":87,"href":"https:\/\/comportements.ch\/en\/wp-json\/wp\/v2\/pages\/68\/revisions"}],"predecessor-version":[{"id":1220,"href":"https:\/\/comportements.ch\/en\/wp-json\/wp\/v2\/pages\/68\/revisions\/1220"}],"wp:attachment":[{"href":"https:\/\/comportements.ch\/en\/wp-json\/wp\/v2\/media?parent=68"}],"curies":[{"name":"wp","href":"https:\/\/api.w.org\/{rel}","templated":true}]}}